{"id":2288,"date":"2020-08-28T10:45:33","date_gmt":"2020-08-28T10:45:33","guid":{"rendered":"https:\/\/zaklad-uslug-lesnych.pl\/?page_id=2288"},"modified":"2020-09-09T14:36:49","modified_gmt":"2020-09-09T14:36:49","slug":"innowacyjnosc","status":"publish","type":"page","link":"https:\/\/zaklad-uslug-lesnych.pl\/?page_id=2288","title":{"rendered":"LGD Dobra Widawa"},"content":{"rendered":"\t\t<div data-elementor-type=\"wp-page\" data-elementor-id=\"2288\" class=\"elementor elementor-2288\" data-elementor-settings=\"[]\">\n\t\t\t<div class=\"elementor-inner\">\n\t\t\t\t<div class=\"elementor-section-wrap\">\n\t\t\t\t\t\t\t<section class=\"elementor-element elementor-element-7f124388 elementor-section-stretched elementor-section-full_width elementor-section-height-default elementor-section-height-default elementor-section elementor-top-section\" data-id=\"7f124388\" data-element_type=\"section\" data-settings=\"{&quot;stretch_section&quot;:&quot;section-stretched&quot;}\">\n\t\t\t\t\t\t<div class=\"elementor-container elementor-column-gap-no\">\n\t\t\t\t<div class=\"elementor-row\">\n\t\t\t\t<div class=\"elementor-element elementor-element-767acffe elementor-column elementor-col-100 elementor-top-column\" data-id=\"767acffe\" data-element_type=\"column\">\n\t\t\t<div class=\"elementor-column-wrap  elementor-element-populated\">\n\t\t\t\t\t<div class=\"elementor-widget-wrap\">\n\t\t\t\t<div class=\"elementor-element elementor-element-7d72f2cd elementor-widget elementor-widget-forester-page-hero\" data-id=\"7d72f2cd\" data-element_type=\"widget\" data-widget_type=\"forester-page-hero.default\">\n\t\t\t\t<div class=\"elementor-widget-container\">\n\t\t\t<div id=\"hero\" class=\"hero page-hero hero-fullwidth hero_7d72f2cd jarallax\" data-jarallax=\"\" data-type=\"scroll\" data-speed=\"0.2\" data-android=\"0\" data-ios=\"0\" style=\"background-image:url(https:\/\/zaklad-uslug-lesnych.pl\/wp-content\/uploads\/2017\/07\/bg-5-3-1.jpg)\" data-img-src=\"https:\/\/zaklad-uslug-lesnych.pl\/wp-content\/uploads\/2017\/07\/bg-5-3-1.jpg\" data-img-size=\"cover\" data-img-position=\"center center\" data-img-repeat=\"no-repeat\"><div class=\"hero-content no\"><div class=\"container white\"><div class=\"m-auto\"><div class=\"title-service mb15\"><h2 class=\"page-heading\">LGD Dobra Widawa<\/h2><p class=\"breadcrubms headline-text\"><!-- Breadcrumb NavXT 6.5.0 -->\n<span property=\"itemListElement\" typeof=\"ListItem\"><a property=\"item\" typeof=\"WebPage\" title=\"Przejd\u017a do Zak\u0142ad Us\u0142ug Le\u015bnych | \u015acinka drzew, Zrywka, Piel\u0119gnacja.\" href=\"https:\/\/zaklad-uslug-lesnych.pl\" class=\"home\" ><span property=\"name\">Zak\u0142ad Us\u0142ug Le\u015bnych | \u015acinka drzew, Zrywka, Piel\u0119gnacja<\/span><\/a><meta property=\"position\" content=\"1\"><\/span> &gt; <span property=\"itemListElement\" typeof=\"ListItem\"><a property=\"item\" typeof=\"WebPage\" title=\"Przejd\u017a do Blog.\" href=\"https:\/\/zaklad-uslug-lesnych.pl\/?page_id=1718\" class=\"post-root post post-post\" aria-current=\"page\"><span property=\"name\">Blog<\/span><\/a><meta property=\"position\" content=\"2\"><\/span><\/p><\/div><a class=\"hero-btn btn-sm btn btn-circle btn-ghost-white\" href=\"https:\/\/zaklad-uslug-lesnych.pl\/\">Powr\u00f3t <\/a><\/div><\/div><\/div><\/div>\t\t<\/div>\n\t\t\t\t<\/div>\n\t\t\t\t\t\t<\/div>\n\t\t\t<\/div>\n\t\t<\/div>\n\t\t\t\t\t\t<\/div>\n\t\t\t<\/div>\n\t\t<\/section>\n\t\t\t\t<section class=\"elementor-element elementor-element-76eb228 elementor-section-boxed elementor-section-height-default elementor-section-height-default elementor-section elementor-top-section\" data-id=\"76eb228\" data-element_type=\"section\">\n\t\t\t\t\t\t<div class=\"elementor-container elementor-column-gap-default\">\n\t\t\t\t<div class=\"elementor-row\">\n\t\t\t\t<div class=\"elementor-element elementor-element-680f3c8 elementor-column elementor-col-25 elementor-top-column\" data-id=\"680f3c8\" data-element_type=\"column\">\n\t\t\t<div class=\"elementor-column-wrap\">\n\t\t\t\t\t<div class=\"elementor-widget-wrap\">\n\t\t\t\t\t\t<\/div>\n\t\t\t<\/div>\n\t\t<\/div>\n\t\t\t\t<div class=\"elementor-element elementor-element-1a2cb07 elementor-column elementor-col-50 elementor-top-column\" data-id=\"1a2cb07\" data-element_type=\"column\">\n\t\t\t<div class=\"elementor-column-wrap  elementor-element-populated\">\n\t\t\t\t\t<div class=\"elementor-widget-wrap\">\n\t\t\t\t<div class=\"elementor-element elementor-element-218f0cc elementor-widget elementor-widget-image\" data-id=\"218f0cc\" data-element_type=\"widget\" data-widget_type=\"image.default\">\n\t\t\t\t<div class=\"elementor-widget-container\">\n\t\t\t\t\t<div class=\"elementor-image\">\n\t\t\t\t\t\t\t\t\t\t<img width=\"735\" height=\"120\" src=\"https:\/\/zaklad-uslug-lesnych.pl\/wp-content\/uploads\/2020\/08\/ue.546f9591.png.jpeg\" class=\"attachment-large size-large\" alt=\"\" loading=\"lazy\" srcset=\"https:\/\/zaklad-uslug-lesnych.pl\/wp-content\/uploads\/2020\/08\/ue.546f9591.png.jpeg 735w, https:\/\/zaklad-uslug-lesnych.pl\/wp-content\/uploads\/2020\/08\/ue.546f9591.png-300x49.jpeg 300w\" sizes=\"(max-width: 735px) 100vw, 735px\" \/>\t\t\t\t\t\t\t\t\t\t\t<\/div>\n\t\t\t\t<\/div>\n\t\t\t\t<\/div>\n\t\t\t\t\t\t<\/div>\n\t\t\t<\/div>\n\t\t<\/div>\n\t\t\t\t<div class=\"elementor-element elementor-element-7ef7fe0 elementor-column elementor-col-25 elementor-top-column\" data-id=\"7ef7fe0\" data-element_type=\"column\">\n\t\t\t<div class=\"elementor-column-wrap\">\n\t\t\t\t\t<div class=\"elementor-widget-wrap\">\n\t\t\t\t\t\t<\/div>\n\t\t\t<\/div>\n\t\t<\/div>\n\t\t\t\t\t\t<\/div>\n\t\t\t<\/div>\n\t\t<\/section>\n\t\t\t\t<section class=\"elementor-element elementor-element-061137c elementor-section-boxed elementor-section-height-default elementor-section-height-default elementor-section elementor-top-section\" data-id=\"061137c\" data-element_type=\"section\">\n\t\t\t\t\t\t<div class=\"elementor-container elementor-column-gap-default\">\n\t\t\t\t<div class=\"elementor-row\">\n\t\t\t\t<div class=\"elementor-element elementor-element-cc64f7b elementor-column elementor-col-100 elementor-top-column\" data-id=\"cc64f7b\" data-element_type=\"column\">\n\t\t\t<div class=\"elementor-column-wrap  elementor-element-populated\">\n\t\t\t\t\t<div class=\"elementor-widget-wrap\">\n\t\t\t\t<div class=\"elementor-element elementor-element-8855508 elementor-widget elementor-widget-text-editor\" data-id=\"8855508\" data-element_type=\"widget\" data-widget_type=\"text-editor.default\">\n\t\t\t\t<div class=\"elementor-widget-container\">\n\t\t\t\t\t<div class=\"elementor-text-editor elementor-clearfix\"><p style=\"text-algin: loft;\"><strong>Europejski Fundusz Rolny na rzecz Rozwoju Obszar\u00f3w Wiejskich: Europa inwestuj\u0105ca w obszary wiejskie<\/strong><br \/>Operacja pn. <strong>Za\u0142o\u017cenie zapadu us\u0142ug le\u015bnych z innowacyjnym systemem bezpiecze\u0144stwa pracy w celu rozwoju przedsi\u0119biorczo\u015bci na terenie LGD Dobra Widawa <\/strong><\/p><p style=\"text-algin: loft;\">maj\u0105ca na celu<\/p><p style=\"text-algin: loft;\"><strong>Podj\u0119cie pierwszego zatrudnienia i uruchomienie g\u0142\u00f3wnego \u017ar\u00f3d\u0142a zarobkowania<\/strong> wsp\u00f3\u0142finansowana jest ze \u015brodk\u00f3w Unii Europejskiej w ramach dzia\u0142ania 19.2 &#8222;Wsparcie na wdro\u017cenie operacji w ramach strategii rozwoju lokalnego kierowanego przez spo\u0142eczno\u015b\u0107&#8221; obj\u0119tego Programem Rozwoju Obszar\u00f3w Iwejskich na lata 2014-2020.<\/p><\/div>\n\t\t\t\t<\/div>\n\t\t\t\t<\/div>\n\t\t\t\t\t\t<\/div>\n\t\t\t<\/div>\n\t\t<\/div>\n\t\t\t\t\t\t<\/div>\n\t\t\t<\/div>\n\t\t<\/section>\n\t\t\t\t<section class=\"elementor-element elementor-element-df99384 elementor-section-boxed elementor-section-height-default elementor-section-height-default elementor-section elementor-top-section\" data-id=\"df99384\" data-element_type=\"section\">\n\t\t\t\t\t\t<div class=\"elementor-container elementor-column-gap-default\">\n\t\t\t\t<div class=\"elementor-row\">\n\t\t\t\t<div class=\"elementor-element elementor-element-8754213 elementor-column elementor-col-25 elementor-top-column\" data-id=\"8754213\" data-element_type=\"column\">\n\t\t\t<div class=\"elementor-column-wrap\">\n\t\t\t\t\t<div class=\"elementor-widget-wrap\">\n\t\t\t\t\t\t<\/div>\n\t\t\t<\/div>\n\t\t<\/div>\n\t\t\t\t<div class=\"elementor-element elementor-element-d456300 elementor-column elementor-col-50 elementor-top-column\" data-id=\"d456300\" data-element_type=\"column\">\n\t\t\t<div class=\"elementor-column-wrap  elementor-element-populated\">\n\t\t\t\t\t<div class=\"elementor-widget-wrap\">\n\t\t\t\t<div class=\"elementor-element elementor-element-1e75c8e elementor-widget elementor-widget-image\" data-id=\"1e75c8e\" data-element_type=\"widget\" data-widget_type=\"image.default\">\n\t\t\t\t<div class=\"elementor-widget-container\">\n\t\t\t\t\t<div class=\"elementor-image\">\n\t\t\t\t\t\t\t\t\t\t<img width=\"960\" height=\"180\" src=\"https:\/\/zaklad-uslug-lesnych.pl\/wp-content\/uploads\/2020\/08\/lgdLogo.84f8a01c-1024x192.jpg\" class=\"attachment-large size-large\" alt=\"\" loading=\"lazy\" srcset=\"https:\/\/zaklad-uslug-lesnych.pl\/wp-content\/uploads\/2020\/08\/lgdLogo.84f8a01c-1024x192.jpg 1024w, https:\/\/zaklad-uslug-lesnych.pl\/wp-content\/uploads\/2020\/08\/lgdLogo.84f8a01c-300x56.jpg 300w, https:\/\/zaklad-uslug-lesnych.pl\/wp-content\/uploads\/2020\/08\/lgdLogo.84f8a01c-768x144.jpg 768w, https:\/\/zaklad-uslug-lesnych.pl\/wp-content\/uploads\/2020\/08\/lgdLogo.84f8a01c.jpg 1066w\" sizes=\"(max-width: 960px) 100vw, 960px\" \/>\t\t\t\t\t\t\t\t\t\t\t<\/div>\n\t\t\t\t<\/div>\n\t\t\t\t<\/div>\n\t\t\t\t\t\t<\/div>\n\t\t\t<\/div>\n\t\t<\/div>\n\t\t\t\t<div class=\"elementor-element elementor-element-eeafeee elementor-column elementor-col-25 elementor-top-column\" data-id=\"eeafeee\" data-element_type=\"column\">\n\t\t\t<div class=\"elementor-column-wrap\">\n\t\t\t\t\t<div class=\"elementor-widget-wrap\">\n\t\t\t\t\t\t<\/div>\n\t\t\t<\/div>\n\t\t<\/div>\n\t\t\t\t\t\t<\/div>\n\t\t\t<\/div>\n\t\t<\/section>\n\t\t\t\t<section class=\"elementor-element elementor-element-d3362d3 elementor-section-boxed elementor-section-height-default elementor-section-height-default elementor-section elementor-top-section\" data-id=\"d3362d3\" data-element_type=\"section\">\n\t\t\t\t\t\t<div class=\"elementor-container elementor-column-gap-default\">\n\t\t\t\t<div class=\"elementor-row\">\n\t\t\t\t<div class=\"elementor-element elementor-element-17f6cd8 elementor-column elementor-col-100 elementor-top-column\" data-id=\"17f6cd8\" data-element_type=\"column\">\n\t\t\t<div class=\"elementor-column-wrap  elementor-element-populated\">\n\t\t\t\t\t<div class=\"elementor-widget-wrap\">\n\t\t\t\t<div class=\"elementor-element elementor-element-4ce6567 elementor-widget elementor-widget-text-editor\" data-id=\"4ce6567\" data-element_type=\"widget\" data-widget_type=\"text-editor.default\">\n\t\t\t\t<div class=\"elementor-widget-container\">\n\t\t\t\t\t<div class=\"elementor-text-editor elementor-clearfix\"><p style=\"text-algin: loft;\"><strong>Europejski Fundusz Rolny na rzecz Rozwoju Obszar\u00f3w Wiejskich: Europa inwestuj\u0105ca w obszary wiejskie<\/strong><br>Operacja w zakresie podejmowania dzia\u0142alno\u015bci gospodarczej w ramach poddzia\u0142ania 19.2 \u201eWsparcie na wdra\u017canie operacji w ramach strategii rozwoju lokalnego kierowanego przez spo\u0142eczno\u015b\u0107\u201d maj\u0105ca na celu \u201cZa\u0142o\u017cenie dzia\u0142alno\u015bci gospodarczej i podj\u0119cie pierwszego zatrudnienia w celu zwi\u0119kszenia do\u015bwiadczenia zawodowego i uzyskania \u017ar\u00f3d\u0142a zarobkowania\u201d obj\u0119tego Programem Rozwoju Obszar\u00f3w Wiejskich na lata 2014-2020 z udzia\u0142em \u015brodk\u00f3w Europejskiego Funduszu Rolnego na rzecz Rozwoju Obszar\u00f3w Wiejskich. Tytu\u0142 operacji:&nbsp;<span style=\"font-weight: 600;\">Za\u0142o\u017cenie zapadu us\u0142ug le\u015bnych z innowacyjnym systemem bezpiecze\u0144stwa pracy w celu rozwoju przedsi\u0119biorczo\u015bci na terenie LGD Dobra Widawa.<\/span><\/p><\/div>\n\t\t\t\t<\/div>\n\t\t\t\t<\/div>\n\t\t\t\t\t\t<\/div>\n\t\t\t<\/div>\n\t\t<\/div>\n\t\t\t\t\t\t<\/div>\n\t\t\t<\/div>\n\t\t<\/section>\n\t\t\t\t<section class=\"elementor-element elementor-element-ede9798 elementor-section-boxed elementor-section-height-default elementor-section-height-default elementor-section elementor-top-section\" data-id=\"ede9798\" data-element_type=\"section\">\n\t\t\t\t\t\t<div class=\"elementor-container elementor-column-gap-default\">\n\t\t\t\t<div class=\"elementor-row\">\n\t\t\t\t<div class=\"elementor-element elementor-element-f7a1944 elementor-column elementor-col-25 elementor-top-column\" data-id=\"f7a1944\" data-element_type=\"column\">\n\t\t\t<div class=\"elementor-column-wrap\">\n\t\t\t\t\t<div class=\"elementor-widget-wrap\">\n\t\t\t\t\t\t<\/div>\n\t\t\t<\/div>\n\t\t<\/div>\n\t\t\t\t<div class=\"elementor-element elementor-element-e01f84e elementor-column elementor-col-50 elementor-top-column\" data-id=\"e01f84e\" data-element_type=\"column\">\n\t\t\t<div class=\"elementor-column-wrap  elementor-element-populated\">\n\t\t\t\t\t<div class=\"elementor-widget-wrap\">\n\t\t\t\t<div class=\"elementor-element elementor-element-69f83d2 elementor-widget elementor-widget-image\" data-id=\"69f83d2\" data-element_type=\"widget\" data-widget_type=\"image.default\">\n\t\t\t\t<div class=\"elementor-widget-container\">\n\t\t\t\t\t<div class=\"elementor-image\">\n\t\t\t\t\t\t\t\t\t\t<img width=\"960\" height=\"923\" src=\"https:\/\/zaklad-uslug-lesnych.pl\/wp-content\/uploads\/2020\/08\/lgdMap.64c89541-1024x985.jpg\" class=\"attachment-large size-large\" alt=\"\" loading=\"lazy\" srcset=\"https:\/\/zaklad-uslug-lesnych.pl\/wp-content\/uploads\/2020\/08\/lgdMap.64c89541-1024x985.jpg 1024w, https:\/\/zaklad-uslug-lesnych.pl\/wp-content\/uploads\/2020\/08\/lgdMap.64c89541-300x289.jpg 300w, https:\/\/zaklad-uslug-lesnych.pl\/wp-content\/uploads\/2020\/08\/lgdMap.64c89541-768x739.jpg 768w, https:\/\/zaklad-uslug-lesnych.pl\/wp-content\/uploads\/2020\/08\/lgdMap.64c89541.jpg 1536w\" sizes=\"(max-width: 960px) 100vw, 960px\" \/>\t\t\t\t\t\t\t\t\t\t\t<\/div>\n\t\t\t\t<\/div>\n\t\t\t\t<\/div>\n\t\t\t\t\t\t<\/div>\n\t\t\t<\/div>\n\t\t<\/div>\n\t\t\t\t<div class=\"elementor-element elementor-element-26f5855 elementor-column elementor-col-25 elementor-top-column\" data-id=\"26f5855\" data-element_type=\"column\">\n\t\t\t<div class=\"elementor-column-wrap\">\n\t\t\t\t\t<div class=\"elementor-widget-wrap\">\n\t\t\t\t\t\t<\/div>\n\t\t\t<\/div>\n\t\t<\/div>\n\t\t\t\t\t\t<\/div>\n\t\t\t<\/div>\n\t\t<\/section>\n\t\t\t\t\t\t<\/div>\n\t\t\t<\/div>\n\t\t<\/div>\n\t\t","protected":false},"excerpt":{"rendered":"<p>LGD Dobra Widawa Zak\u0142ad Us\u0142ug Le\u015bnych | \u015acinka drzew, Zrywka, Piel\u0119gnacja &gt; Blog Powr\u00f3t Europejski Fundusz Rolny na rzecz Rozwoju Obszar\u00f3w Wiejskich: Europa inwestuj\u0105ca w obszary wiejskieOperacja pn. Za\u0142o\u017cenie zapadu us\u0142ug le\u015bnych z innowacyjnym systemem bezpiecze\u0144stwa pracy w celu rozwoju przedsi\u0119biorczo\u015bci na terenie LGD Dobra Widawa maj\u0105ca na celu Podj\u0119cie pierwszego zatrudnienia i uruchomienie g\u0142\u00f3wnego [&hellip;]<\/p>\n","protected":false},"author":1,"featured_media":0,"parent":0,"menu_order":0,"comment_status":"closed","ping_status":"closed","template":"forester-elementor-page.php","meta":[],"_links":{"self":[{"href":"https:\/\/zaklad-uslug-lesnych.pl\/index.php?rest_route=\/wp\/v2\/pages\/2288"}],"collection":[{"href":"https:\/\/zaklad-uslug-lesnych.pl\/index.php?rest_route=\/wp\/v2\/pages"}],"about":[{"href":"https:\/\/zaklad-uslug-lesnych.pl\/index.php?rest_route=\/wp\/v2\/types\/page"}],"author":[{"embeddable":true,"href":"https:\/\/zaklad-uslug-lesnych.pl\/index.php?rest_route=\/wp\/v2\/users\/1"}],"replies":[{"embeddable":true,"href":"https:\/\/zaklad-uslug-lesnych.pl\/index.php?rest_route=%2Fwp%2Fv2%2Fcomments&post=2288"}],"version-history":[{"count":8,"href":"https:\/\/zaklad-uslug-lesnych.pl\/index.php?rest_route=\/wp\/v2\/pages\/2288\/revisions"}],"predecessor-version":[{"id":2342,"href":"https:\/\/zaklad-uslug-lesnych.pl\/index.php?rest_route=\/wp\/v2\/pages\/2288\/revisions\/2342"}],"wp:attachment":[{"href":"https:\/\/zaklad-uslug-lesnych.pl\/index.php?rest_route=%2Fwp%2Fv2%2Fmedia&parent=2288"}],"curies":[{"name":"wp","href":"https:\/\/api.w.org\/{rel}","templated":true}]}}