{"id":2042,"date":"2019-09-18T16:39:25","date_gmt":"2019-09-18T16:39:25","guid":{"rendered":"https:\/\/ninetheme.com\/themes\/elementor\/forester\/?page_id=2042"},"modified":"2020-09-01T14:51:39","modified_gmt":"2020-09-01T14:51:39","slug":"contact","status":"publish","type":"page","link":"https:\/\/zaklad-uslug-lesnych.pl\/?page_id=2042","title":{"rendered":"Kontakt"},"content":{"rendered":"\t\t<div data-elementor-type=\"wp-page\" data-elementor-id=\"2042\" class=\"elementor elementor-2042\" data-elementor-settings=\"[]\">\n\t\t\t<div class=\"elementor-inner\">\n\t\t\t\t<div class=\"elementor-section-wrap\">\n\t\t\t\t\t\t\t<section class=\"elementor-element elementor-element-457bcaeb elementor-section-stretched elementor-section-full_width elementor-section-height-default elementor-section-height-default elementor-section elementor-top-section\" data-id=\"457bcaeb\" data-element_type=\"section\" data-settings=\"{&quot;stretch_section&quot;:&quot;section-stretched&quot;}\">\n\t\t\t\t\t\t<div class=\"elementor-container elementor-column-gap-no\">\n\t\t\t\t<div class=\"elementor-row\">\n\t\t\t\t<div class=\"elementor-element elementor-element-71c9c67e elementor-column elementor-col-100 elementor-top-column\" data-id=\"71c9c67e\" data-element_type=\"column\">\n\t\t\t<div class=\"elementor-column-wrap  elementor-element-populated\">\n\t\t\t\t\t<div class=\"elementor-widget-wrap\">\n\t\t\t\t<div class=\"elementor-element elementor-element-1164b167 elementor-widget elementor-widget-forester-page-hero\" data-id=\"1164b167\" data-element_type=\"widget\" data-widget_type=\"forester-page-hero.default\">\n\t\t\t\t<div class=\"elementor-widget-container\">\n\t\t\t<div id=\"hero\" class=\"hero page-hero hero-fullwidth hero_1164b167 jarallax\" data-jarallax=\"\" data-type=\"scroll\" data-speed=\"0.2\" data-android=\"0\" data-ios=\"0\" style=\"background-image:url(https:\/\/zaklad-uslug-lesnych.pl\/wp-content\/uploads\/2017\/07\/bg-6-3-1.jpg)\" data-img-src=\"https:\/\/zaklad-uslug-lesnych.pl\/wp-content\/uploads\/2017\/07\/bg-6-3-1.jpg\" data-img-size=\"cover\" data-img-position=\"center center\" data-img-repeat=\"no-repeat\"><div class=\"hero-content no\"><div class=\"container white\"><div class=\"m-auto\"><div class=\"title-service mb15\"><h2 class=\"page-heading\">Kontakt<\/h2><p class=\"breadcrubms headline-text\"><!-- Breadcrumb NavXT 6.5.0 -->\n<span property=\"itemListElement\" typeof=\"ListItem\"><a property=\"item\" typeof=\"WebPage\" title=\"Przejd\u017a do Zak\u0142ad Us\u0142ug Le\u015bnych | \u015acinka drzew, Zrywka, Piel\u0119gnacja.\" href=\"https:\/\/zaklad-uslug-lesnych.pl\" class=\"home\" ><span property=\"name\">Zak\u0142ad Us\u0142ug Le\u015bnych | \u015acinka drzew, Zrywka, Piel\u0119gnacja<\/span><\/a><meta property=\"position\" content=\"1\"><\/span> &gt; <span property=\"itemListElement\" typeof=\"ListItem\"><a property=\"item\" typeof=\"WebPage\" title=\"Przejd\u017a do Blog.\" href=\"https:\/\/zaklad-uslug-lesnych.pl\/?page_id=1718\" class=\"post-root post post-post\" aria-current=\"page\"><span property=\"name\">Blog<\/span><\/a><meta property=\"position\" content=\"2\"><\/span><\/p><\/div><a class=\"hero-btn btn-sm btn btn-circle btn-ghost-white\" href=\"https:\/\/zaklad-uslug-lesnych.pl\/\">Powr\u00f3t <\/a><\/div><\/div><\/div><\/div>\t\t<\/div>\n\t\t\t\t<\/div>\n\t\t\t\t\t\t<\/div>\n\t\t\t<\/div>\n\t\t<\/div>\n\t\t\t\t\t\t<\/div>\n\t\t\t<\/div>\n\t\t<\/section>\n\t\t\t\t<section class=\"elementor-element elementor-element-a272a99 elementor-section-boxed elementor-section-height-default elementor-section-height-default elementor-section elementor-top-section\" data-id=\"a272a99\" data-element_type=\"section\">\n\t\t\t\t\t\t<div class=\"elementor-container elementor-column-gap-default\">\n\t\t\t\t<div class=\"elementor-row\">\n\t\t\t\t<div class=\"elementor-element elementor-element-53df60b elementor-column elementor-col-100 elementor-top-column\" data-id=\"53df60b\" data-element_type=\"column\">\n\t\t\t<div class=\"elementor-column-wrap  elementor-element-populated\">\n\t\t\t\t\t<div class=\"elementor-widget-wrap\">\n\t\t\t\t<div class=\"elementor-element elementor-element-eb46763 elementor-widget elementor-widget-forester-contact-info\" data-id=\"eb46763\" data-element_type=\"widget\" data-widget_type=\"forester-contact-info.default\">\n\t\t\t\t<div class=\"elementor-widget-container\">\n\t\t\t<div class=\"info-contact pb50 text-center m-auto\"><div class=\"number black pb10\"><div class=\"heading-title\">ZADZWO\u0143 DO NAS<\/div><h2 class=\"phone\"><i class=\"ti-mobile phone pr15\"><\/i>+48 694 684 116<\/h2><\/div><h6 class=\"detail\"><i class=\"fa fa-envelope-o pr5\"><\/i> pytanie@zaklad-uslug-lesnych.pl<\/h6><h6 class=\"detail\"><i class=\"fa fa-home pr5\"><\/i> Dro\u0142towice 59, 56-500 Syc\u00f3w<\/h6><\/div>\t\t<\/div>\n\t\t\t\t<\/div>\n\t\t\t\t<div class=\"elementor-element elementor-element-9f707f1 elementor-widget elementor-widget-forester-contact-form-7\" data-id=\"9f707f1\" data-element_type=\"widget\" data-widget_type=\"forester-contact-form-7.default\">\n\t\t\t\t<div class=\"elementor-widget-container\">\n\t\t\t<div role=\"form\" class=\"wpcf7\" id=\"wpcf7-f11-o1\" lang=\"en\" dir=\"ltr\">\n<div class=\"screen-reader-response\" role=\"alert\" aria-live=\"polite\"><\/div>\n<form action=\"\/index.php?rest_route=%2Fwp%2Fv2%2Fpages%2F2042#wpcf7-f11-o1\" method=\"post\" class=\"wpcf7-form init\" novalidate=\"novalidate\">\n<div style=\"display: none;\">\n<input type=\"hidden\" name=\"_wpcf7\" value=\"11\" \/>\n<input type=\"hidden\" name=\"_wpcf7_version\" value=\"5.2.2\" \/>\n<input type=\"hidden\" name=\"_wpcf7_locale\" value=\"en\" \/>\n<input type=\"hidden\" name=\"_wpcf7_unit_tag\" value=\"wpcf7-f11-o1\" \/>\n<input type=\"hidden\" name=\"_wpcf7_container_post\" value=\"0\" \/>\n<input type=\"hidden\" name=\"_wpcf7_posted_data_hash\" value=\"\" \/>\n<\/div>\n<div class=\"ucf form-horizontal\">\n<fieldset>\n<div class=\"form-group\">\n\t<span class=\"wpcf7-form-control-wrap text-75\"><input type=\"text\" name=\"text-75\" value=\"\" size=\"40\" class=\"wpcf7-form-control wpcf7-text wpcf7-validates-as-required form-control\" id=\"name\" aria-required=\"true\" aria-invalid=\"false\" placeholder=\"Imi\u0119 *\" \/><\/span>\n<\/div>\n<div class=\"form-group\">\n\t<span class=\"wpcf7-form-control-wrap email-841\"><input type=\"email\" name=\"email-841\" value=\"\" size=\"40\" class=\"wpcf7-form-control wpcf7-text wpcf7-email wpcf7-validates-as-required wpcf7-validates-as-email form-control\" id=\"email\" aria-required=\"true\" aria-invalid=\"false\" placeholder=\"Email *\" \/><\/span>\n<\/div>\n<div class=\"form-group\">\n\t<span class=\"wpcf7-form-control-wrap text-75\"><input type=\"text\" name=\"text-75\" value=\"\" size=\"40\" class=\"wpcf7-form-control wpcf7-text form-control\" id=\"subject\" aria-invalid=\"false\" placeholder=\"Temat\" \/><\/span>\n<\/div>\n<div class=\"form-group\">\n\t<span class=\"wpcf7-form-control-wrap textarea-792\"><textarea name=\"textarea-792\" cols=\"40\" rows=\"10\" class=\"wpcf7-form-control wpcf7-textarea wpcf7-validates-as-required form-control\" id=\"message\" aria-required=\"true\" aria-invalid=\"false\" placeholder=\"Twoja wiadomo\u015b\u0107... *\"><\/textarea><\/span>\n<\/div>\n<p><span class=\"wpcf7-form-control-wrap acceptance-610\"><span class=\"wpcf7-form-control wpcf7-acceptance\"><span class=\"wpcf7-list-item\"><label><input type=\"checkbox\" name=\"acceptance-610\" value=\"1\" aria-invalid=\"false\" \/><span class=\"wpcf7-list-item-label\">Przed wys\u0142aniem wiadmo\u015bci zapoznaj si\u0119 z tre\u015bci\u0105 naszej <a href=\"https:\/\/zaklad-uslug-lesnych.pl\/polityka-prywatnosci\/\">polityki prywatno\u015bci<\/a><\/span><\/label><\/span><\/span><\/span><\/p>\n<div class=\"form-group\">\n\t<input type=\"submit\" value=\"Wy\u015blij\" class=\"wpcf7-form-control wpcf7-submit btn btn-sm btn-md btn-primary\" \/>\n<\/div>\n<\/fieldset>\n<\/div>\n<div class=\"wpcf7-response-output\" role=\"alert\" aria-hidden=\"true\"><\/div><\/form><\/div>\t\t<\/div>\n\t\t\t\t<\/div>\n\t\t\t\t<section class=\"elementor-element elementor-element-f1fa6be elementor-section-boxed elementor-section-height-default elementor-section-height-default elementor-section elementor-inner-section\" data-id=\"f1fa6be\" data-element_type=\"section\">\n\t\t\t\t\t\t<div class=\"elementor-container elementor-column-gap-default\">\n\t\t\t\t<div class=\"elementor-row\">\n\t\t\t\t<div class=\"elementor-element elementor-element-1eb2aaa elementor-column elementor-col-100 elementor-inner-column\" data-id=\"1eb2aaa\" data-element_type=\"column\">\n\t\t\t<div class=\"elementor-column-wrap\">\n\t\t\t\t\t<div class=\"elementor-widget-wrap\">\n\t\t\t\t\t\t<\/div>\n\t\t\t<\/div>\n\t\t<\/div>\n\t\t\t\t\t\t<\/div>\n\t\t\t<\/div>\n\t\t<\/section>\n\t\t\t\t\t\t<\/div>\n\t\t\t<\/div>\n\t\t<\/div>\n\t\t\t\t\t\t<\/div>\n\t\t\t<\/div>\n\t\t<\/section>\n\t\t\t\t<section class=\"elementor-element elementor-element-5485b9fd elementor-section-stretched elementor-section-full_width elementor-section-height-default elementor-section-height-default elementor-section elementor-top-section\" data-id=\"5485b9fd\" data-element_type=\"section\" data-settings=\"{&quot;stretch_section&quot;:&quot;section-stretched&quot;}\">\n\t\t\t\t\t\t<div class=\"elementor-container elementor-column-gap-no\">\n\t\t\t\t<div class=\"elementor-row\">\n\t\t\t\t<div class=\"elementor-element elementor-element-7402696d elementor-column elementor-col-100 elementor-top-column\" data-id=\"7402696d\" data-element_type=\"column\">\n\t\t\t<div class=\"elementor-column-wrap  elementor-element-populated\">\n\t\t\t\t\t<div class=\"elementor-widget-wrap\">\n\t\t\t\t<div class=\"elementor-element elementor-element-7d919117 elementor-widget elementor-widget-google_maps\" data-id=\"7d919117\" data-element_type=\"widget\" data-widget_type=\"google_maps.default\">\n\t\t\t\t<div class=\"elementor-widget-container\">\n\t\t\t<div class=\"elementor-custom-embed\"><iframe frameborder=\"0\" scrolling=\"no\" marginheight=\"0\" marginwidth=\"0\" src=\"https:\/\/maps.google.com\/maps?q=dro%C5%82towice%2059%2C%20Syc%C3%B3w&amp;t=m&amp;z=10&amp;output=embed&amp;iwloc=near\" aria-label=\"dro\u0142towice 59, Syc\u00f3w\"><\/iframe><\/div>\t\t<\/div>\n\t\t\t\t<\/div>\n\t\t\t\t\t\t<\/div>\n\t\t\t<\/div>\n\t\t<\/div>\n\t\t\t\t\t\t<\/div>\n\t\t\t<\/div>\n\t\t<\/section>\n\t\t\t\t\t\t<\/div>\n\t\t\t<\/div>\n\t\t<\/div>\n\t\t","protected":false},"excerpt":{"rendered":"<p>Kontakt Zak\u0142ad Us\u0142ug Le\u015bnych | \u015acinka drzew, Zrywka, Piel\u0119gnacja &gt; Blog Powr\u00f3t ZADZWO\u0143 DO NAS +48 694 684 116 pytanie@zaklad-uslug-lesnych.pl Dro\u0142towice 59, 56-500 Syc\u00f3w<\/p>\n","protected":false},"author":1,"featured_media":0,"parent":0,"menu_order":0,"comment_status":"closed","ping_status":"closed","template":"forester-elementor-page.php","meta":[],"_links":{"self":[{"href":"https:\/\/zaklad-uslug-lesnych.pl\/index.php?rest_route=\/wp\/v2\/pages\/2042"}],"collection":[{"href":"https:\/\/zaklad-uslug-lesnych.pl\/index.php?rest_route=\/wp\/v2\/pages"}],"about":[{"href":"https:\/\/zaklad-uslug-lesnych.pl\/index.php?rest_route=\/wp\/v2\/types\/page"}],"author":[{"embeddable":true,"href":"https:\/\/zaklad-uslug-lesnych.pl\/index.php?rest_route=\/wp\/v2\/users\/1"}],"replies":[{"embeddable":true,"href":"https:\/\/zaklad-uslug-lesnych.pl\/index.php?rest_route=%2Fwp%2Fv2%2Fcomments&post=2042"}],"version-history":[{"count":8,"href":"https:\/\/zaklad-uslug-lesnych.pl\/index.php?rest_route=\/wp\/v2\/pages\/2042\/revisions"}],"predecessor-version":[{"id":2336,"href":"https:\/\/zaklad-uslug-lesnych.pl\/index.php?rest_route=\/wp\/v2\/pages\/2042\/revisions\/2336"}],"wp:attachment":[{"href":"https:\/\/zaklad-uslug-lesnych.pl\/index.php?rest_route=%2Fwp%2Fv2%2Fmedia&parent=2042"}],"curies":[{"name":"wp","href":"https:\/\/api.w.org\/{rel}","templated":true}]}}