{"id":2034,"date":"2019-09-18T16:28:21","date_gmt":"2019-09-18T16:28:21","guid":{"rendered":"https:\/\/ninetheme.com\/themes\/elementor\/forester\/?page_id=2034"},"modified":"2020-09-01T14:47:25","modified_gmt":"2020-09-01T14:47:25","slug":"web-design","status":"publish","type":"page","link":"https:\/\/zaklad-uslug-lesnych.pl\/?page_id=2034","title":{"rendered":"Innowacyjno\u015b\u0107"},"content":{"rendered":"\t\t<div data-elementor-type=\"wp-page\" data-elementor-id=\"2034\" class=\"elementor elementor-2034\" data-elementor-settings=\"[]\">\n\t\t\t<div class=\"elementor-inner\">\n\t\t\t\t<div class=\"elementor-section-wrap\">\n\t\t\t\t\t\t\t<section class=\"elementor-element elementor-element-7f124388 elementor-section-stretched elementor-section-full_width elementor-section-height-default elementor-section-height-default elementor-section elementor-top-section\" data-id=\"7f124388\" data-element_type=\"section\" data-settings=\"{&quot;stretch_section&quot;:&quot;section-stretched&quot;}\">\n\t\t\t\t\t\t<div class=\"elementor-container elementor-column-gap-no\">\n\t\t\t\t<div class=\"elementor-row\">\n\t\t\t\t<div class=\"elementor-element elementor-element-767acffe elementor-column elementor-col-100 elementor-top-column\" data-id=\"767acffe\" data-element_type=\"column\">\n\t\t\t<div class=\"elementor-column-wrap  elementor-element-populated\">\n\t\t\t\t\t<div class=\"elementor-widget-wrap\">\n\t\t\t\t<div class=\"elementor-element elementor-element-7d72f2cd elementor-widget elementor-widget-forester-page-hero\" data-id=\"7d72f2cd\" data-element_type=\"widget\" data-widget_type=\"forester-page-hero.default\">\n\t\t\t\t<div class=\"elementor-widget-container\">\n\t\t\t<div id=\"hero\" class=\"hero page-hero hero-fullwidth hero_7d72f2cd jarallax\" data-jarallax=\"\" data-type=\"scroll\" data-speed=\"0.2\" data-android=\"0\" data-ios=\"0\" style=\"background-image:url(https:\/\/zaklad-uslug-lesnych.pl\/wp-content\/uploads\/2017\/07\/1-4-1.jpg)\" data-img-src=\"https:\/\/zaklad-uslug-lesnych.pl\/wp-content\/uploads\/2017\/07\/1-4-1.jpg\" data-img-size=\"cover\" data-img-position=\"center center\" data-img-repeat=\"no-repeat\"><div class=\"hero-content no\"><div class=\"container white\"><div class=\"m-auto\"><div class=\"title-service mb15\"><h2 class=\"page-heading\">Innowacyjno\u015b\u0107<\/h2><p class=\"breadcrubms headline-text\"><!-- Breadcrumb NavXT 6.5.0 -->\n<span property=\"itemListElement\" typeof=\"ListItem\"><a property=\"item\" typeof=\"WebPage\" title=\"Przejd\u017a do Zak\u0142ad Us\u0142ug Le\u015bnych | \u015acinka drzew, Zrywka, Piel\u0119gnacja.\" href=\"https:\/\/zaklad-uslug-lesnych.pl\" class=\"home\" ><span property=\"name\">Zak\u0142ad Us\u0142ug Le\u015bnych | \u015acinka drzew, Zrywka, Piel\u0119gnacja<\/span><\/a><meta property=\"position\" content=\"1\"><\/span> &gt; <span property=\"itemListElement\" typeof=\"ListItem\"><a property=\"item\" typeof=\"WebPage\" title=\"Przejd\u017a do Blog.\" href=\"https:\/\/zaklad-uslug-lesnych.pl\/?page_id=1718\" class=\"post-root post post-post\" aria-current=\"page\"><span property=\"name\">Blog<\/span><\/a><meta property=\"position\" content=\"2\"><\/span><\/p><\/div><a class=\"hero-btn btn-sm btn btn-circle btn-ghost-white\" href=\"https:\/\/zaklad-uslug-lesnych.pl\/\">Powr\u00f3t <\/a><\/div><\/div><\/div><\/div>\t\t<\/div>\n\t\t\t\t<\/div>\n\t\t\t\t\t\t<\/div>\n\t\t\t<\/div>\n\t\t<\/div>\n\t\t\t\t\t\t<\/div>\n\t\t\t<\/div>\n\t\t<\/section>\n\t\t\t\t<section class=\"elementor-element elementor-element-061137c elementor-section-boxed elementor-section-height-default elementor-section-height-default elementor-section elementor-top-section\" data-id=\"061137c\" data-element_type=\"section\">\n\t\t\t\t\t\t<div class=\"elementor-container elementor-column-gap-default\">\n\t\t\t\t<div class=\"elementor-row\">\n\t\t\t\t<div class=\"elementor-element elementor-element-cc64f7b elementor-column elementor-col-100 elementor-top-column\" data-id=\"cc64f7b\" data-element_type=\"column\">\n\t\t\t<div class=\"elementor-column-wrap  elementor-element-populated\">\n\t\t\t\t\t<div class=\"elementor-widget-wrap\">\n\t\t\t\t<div class=\"elementor-element elementor-element-8855508 elementor-widget elementor-widget-text-editor\" data-id=\"8855508\" data-element_type=\"widget\" data-widget_type=\"text-editor.default\">\n\t\t\t\t<div class=\"elementor-widget-container\">\n\t\t\t\t\t<div class=\"elementor-text-editor elementor-clearfix\"><p style=\"text-algin: loft;\">Planowana operacja b\u0119dzie mia\u0142a charakter innowacyjny w skali ca\u0142ego obszaru ze wzgl\u0119du na wprowadzenie systemu bezpiecze\u0144stwa pracy przy wykorzystaniu mobilnych kamer na kaskach ochronnych.\n\nTa metoda poprawy bezpiecze\u0144stwa pracy nie jest jak dot\u0105d stosowana. Kamery na kaskach ochronnych wykorzystywane s\u0105 g\u0142\u00f3wnie w celu nagrywania wyczyn\u00f3w sportowych.\n\nPo konsultacjach ze specjalistami dot. ochrony danych tzw. RODO, wnioskodawca uzyska\u0142 potwierdzenie mo\u017cliwo\u015bci wprowadzenia takiego systemu nagrywania prac le\u015bnych przy wykorzystaniu kamer na kaskach.\n\nDzi\u0119ki tej metodzie poprawi si\u0119 jako\u015b\u0107 \u015bwiadczonych us\u0142ug \u2013 przede wszystkim w trakcie czynno\u015bci pozyskania drewna (okrzesywania, \u015bcinania i przemieszczania na powierzchni le\u015bnej), szczeg\u00f3lnie w sytuacjach, kt\u00f3re mog\u0105 by\u0107 niebezpieczne dla pracownik\u00f3w ze wzgl\u0119du na specyfik\u0119 pracy.\n\nDodatkowo jedna kamera zostanie zamontowana na ci\u0105gniku, aby nadzorowa\u0107 teren wykonywania us\u0142ug. Szczeg\u00f3lnie w razie wypadku takie rozwi\u0105zanie b\u0119dzie bardzo pomocne do ustalenia kolejno\u015bci zdarze\u0144. Ponadto umo\u017cliwi eliminowanie negatywnych zachowa\u0144 i przyczyni si\u0119 do wi\u0119kszego bezpiecze\u0144stwa w pracach. B\u0119dzie to dotychczas niestosowana praktyka post\u0119powania na powierzchni le\u015bnej przy wykorzystaniu mobilnego sprz\u0119tu nagrywaj\u0105cego.<\/p><\/div>\n\t\t\t\t<\/div>\n\t\t\t\t<\/div>\n\t\t\t\t\t\t<\/div>\n\t\t\t<\/div>\n\t\t<\/div>\n\t\t\t\t\t\t<\/div>\n\t\t\t<\/div>\n\t\t<\/section>\n\t\t\t\t\t\t<\/div>\n\t\t\t<\/div>\n\t\t<\/div>\n\t\t","protected":false},"excerpt":{"rendered":"<p>Innowacyjno\u015b\u0107 Zak\u0142ad Us\u0142ug Le\u015bnych | \u015acinka drzew, Zrywka, Piel\u0119gnacja &gt; Blog Powr\u00f3t Planowana operacja b\u0119dzie mia\u0142a charakter innowacyjny w skali ca\u0142ego obszaru ze wzgl\u0119du na wprowadzenie systemu bezpiecze\u0144stwa pracy przy wykorzystaniu mobilnych kamer na kaskach ochronnych. Ta metoda poprawy bezpiecze\u0144stwa pracy nie jest jak dot\u0105d stosowana. Kamery na kaskach ochronnych wykorzystywane s\u0105 g\u0142\u00f3wnie w celu [&hellip;]<\/p>\n","protected":false},"author":1,"featured_media":0,"parent":0,"menu_order":0,"comment_status":"closed","ping_status":"closed","template":"forester-elementor-page.php","meta":[],"_links":{"self":[{"href":"https:\/\/zaklad-uslug-lesnych.pl\/index.php?rest_route=\/wp\/v2\/pages\/2034"}],"collection":[{"href":"https:\/\/zaklad-uslug-lesnych.pl\/index.php?rest_route=\/wp\/v2\/pages"}],"about":[{"href":"https:\/\/zaklad-uslug-lesnych.pl\/index.php?rest_route=\/wp\/v2\/types\/page"}],"author":[{"embeddable":true,"href":"https:\/\/zaklad-uslug-lesnych.pl\/index.php?rest_route=\/wp\/v2\/users\/1"}],"replies":[{"embeddable":true,"href":"https:\/\/zaklad-uslug-lesnych.pl\/index.php?rest_route=%2Fwp%2Fv2%2Fcomments&post=2034"}],"version-history":[{"count":6,"href":"https:\/\/zaklad-uslug-lesnych.pl\/index.php?rest_route=\/wp\/v2\/pages\/2034\/revisions"}],"predecessor-version":[{"id":2333,"href":"https:\/\/zaklad-uslug-lesnych.pl\/index.php?rest_route=\/wp\/v2\/pages\/2034\/revisions\/2333"}],"wp:attachment":[{"href":"https:\/\/zaklad-uslug-lesnych.pl\/index.php?rest_route=%2Fwp%2Fv2%2Fmedia&parent=2034"}],"curies":[{"name":"wp","href":"https:\/\/api.w.org\/{rel}","templated":true}]}}